{"id":40462,"date":"2025-12-19T19:23:54","date_gmt":"2025-12-19T18:23:54","guid":{"rendered":"https:\/\/blueroom.es\/?page_id=40462"},"modified":"2026-01-05T10:05:34","modified_gmt":"2026-01-05T09:05:34","slug":"rocio-belen-peleari","status":"publish","type":"page","link":"https:\/\/blueroom.es\/en\/rocio-belen-peleari\/","title":{"rendered":"ROC\u00cdO BEL\u00c9N PALEARI L\u00d3PEZ EN"},"content":{"rendered":"<p>[et_pb_section fb_built=&#8221;1&#8243; module_id=&#8221;conmutador&#8221; _builder_version=&#8221;3.22&#8243; max_width=&#8221;90%&#8221; max_width_tablet=&#8221;&#8221; max_width_phone=&#8221;&#8221; max_width_last_edited=&#8221;on|desktop&#8221; module_alignment=&#8221;center&#8221; custom_margin=&#8221;||6px|&#8221; custom_padding=&#8221;|||&#8221;][et_pb_row module_id=&#8221;conmutador_row&#8221; _builder_version=&#8221;3.25&#8243; custom_padding=&#8221;0|0px|0|0px|false|false&#8221;][et_pb_column type=&#8221;4_4&#8243; _builder_version=&#8221;3.25&#8243; custom_padding=&#8221;|||&#8221; custom_padding__hover=&#8221;|||&#8221;][\/et_pb_column][\/et_pb_row][\/et_pb_section][et_pb_section fb_built=&#8221;1&#8243; fullwidth=&#8221;on&#8221; disabled_on=&#8221;on|on|off&#8221; _builder_version=&#8221;3.22&#8243; background_image=&#8221;https:\/\/blueroom.es\/wp-content\/uploads\/2018\/10\/back-01.jpg&#8221; parallax=&#8221;on&#8221; custom_padding=&#8221;0||99px||false|false&#8221;][et_pb_fullwidth_code]<\/p>\n<div style=\"height:80px;\"><\/div>\n<p>[\/et_pb_fullwidth_code][\/et_pb_section][et_pb_section fb_built=&#8221;1&#8243; custom_padding_last_edited=&#8221;on|phone&#8221; _builder_version=&#8221;3.22&#8243; background_color=&#8221;#ffffff&#8221; max_width=&#8221;80%&#8221; max_width_tablet=&#8221;90%&#8221; max_width_phone=&#8221;&#8221; max_width_last_edited=&#8221;on|phone&#8221; module_alignment=&#8221;center&#8221; custom_margin=&#8221;-8%|||&#8221; custom_margin_tablet=&#8221;5%|||&#8221; custom_margin_phone=&#8221;0%|||&#8221; custom_margin_last_edited=&#8221;on|phone&#8221; custom_padding=&#8221;31px|0px|260px|0px|false|false&#8221; custom_padding_tablet=&#8221;10px||0px|&#8221; custom_padding_phone=&#8221;0px||0px|&#8221;][et_pb_row custom_padding_last_edited=&#8221;on|phone&#8221; _builder_version=&#8221;3.25&#8243; background_size=&#8221;initial&#8221; background_position=&#8221;top_left&#8221; background_repeat=&#8221;repeat&#8221; width=&#8221;85%&#8221; max_width=&#8221;85%&#8221; custom_margin_tablet=&#8221;||-50px|&#8221; custom_margin_phone=&#8221;||-65px|&#8221; custom_margin_last_edited=&#8221;on|phone&#8221; custom_padding=&#8221;50px|0px|10px|0px|false|false&#8221; custom_padding_tablet=&#8221;&#8221; custom_padding_phone=&#8221;45px|||&#8221; use_custom_width=&#8221;on&#8221; width_unit=&#8221;off&#8221; custom_width_percent=&#8221;85%&#8221;][et_pb_column type=&#8221;4_4&#8243; _builder_version=&#8221;3.25&#8243; custom_padding=&#8221;|||&#8221; custom_padding__hover=&#8221;|||&#8221;][et_pb_text _builder_version=&#8221;4.7.7&#8243; text_font=&#8221;|700|||||||&#8221; text_text_color=&#8221;#699cbd&#8221; text_font_size=&#8221;31px&#8221; text_line_height=&#8221;0.5em&#8221; header_font=&#8221;Raleway||||||||&#8221; header_text_align=&#8221;left&#8221; header_text_color=&#8221;#699ebd&#8221; header_2_font=&#8221;Raleway||||||||&#8221; header_2_text_align=&#8221;left&#8221; header_2_text_color=&#8221;#699cbd&#8221; header_2_line_height=&#8221;1.6em&#8221; background_size=&#8221;initial&#8221; background_position=&#8221;top_left&#8221; background_repeat=&#8221;repeat&#8221; module_alignment=&#8221;center&#8221; custom_padding=&#8221;10px|||&#8221; header_font_size_tablet=&#8221;23px&#8221; header_font_size_phone=&#8221;16px&#8221; header_font_size_last_edited=&#8221;on|phone&#8221; header_line_height_tablet=&#8221;&#8221; header_line_height_phone=&#8221;1.4em&#8221; header_line_height_last_edited=&#8221;on|desktop&#8221; header_2_font_size_tablet=&#8221;21px&#8221; header_2_font_size_phone=&#8221;14px&#8221; header_2_font_size_last_edited=&#8221;on|phone&#8221;]<\/p>\n<h1><span style=\"font-size: 1.5em;\"><strong>Nosotros<\/strong><\/span><\/h1>\n<p>[\/et_pb_text][\/et_pb_column][\/et_pb_row][et_pb_row column_structure=&#8221;1_3,2_3&#8243; make_equal=&#8221;on&#8221; custom_padding_last_edited=&#8221;on|phone&#8221; module_id=&#8221;v-center&#8221; _builder_version=&#8221;3.25&#8243; background_size=&#8221;initial&#8221; background_position=&#8221;top_left&#8221; background_repeat=&#8221;repeat&#8221; width=&#8221;85%&#8221; max_width=&#8221;85%&#8221; custom_padding=&#8221;172px|0px|27px|0px|false|false&#8221; custom_padding_tablet=&#8221;120px|||&#8221; custom_padding_phone=&#8221;100px|||&#8221; use_custom_width=&#8221;on&#8221; width_unit=&#8221;off&#8221; custom_width_percent=&#8221;85%&#8221;][et_pb_column type=&#8221;1_3&#8243; _builder_version=&#8221;3.25&#8243; custom_padding=&#8221;|||&#8221; custom_padding__hover=&#8221;|||&#8221;][et_pb_image src=&#8221;https:\/\/blueroom.es\/wp-content\/uploads\/2025\/12\/Rocio-Belen-Paleari-Alta-Color-scaled.jpg&#8221; title_text=&#8221;Rocio-Belen-Paleari-Alta-Color&#8221; align=&#8221;center&#8221; align_tablet=&#8221;center&#8221; align_phone=&#8221;&#8221; align_last_edited=&#8221;on|desktop&#8221; _builder_version=&#8221;4.7.7&#8243;][\/et_pb_image][\/et_pb_column][et_pb_column type=&#8221;2_3&#8243; _builder_version=&#8221;3.25&#8243; parallax=&#8221;on&#8221; custom_padding=&#8221;|||&#8221; custom_padding__hover=&#8221;|||&#8221;][et_pb_text _builder_version=&#8221;4.7.7&#8243; text_font=&#8221;|700|||||||&#8221; text_text_color=&#8221;#699cbd&#8221; text_font_size=&#8221;31px&#8221; text_line_height=&#8221;0.5em&#8221; header_font=&#8221;Raleway||||||||&#8221; header_text_align=&#8221;left&#8221; header_text_color=&#8221;#699ebd&#8221; header_2_font=&#8221;Raleway||||||||&#8221; header_2_text_align=&#8221;left&#8221; header_2_text_color=&#8221;#699cbd&#8221; header_2_font_size=&#8221;50px&#8221; header_2_line_height=&#8221;1.6em&#8221; background_size=&#8221;initial&#8221; background_position=&#8221;top_left&#8221; background_repeat=&#8221;repeat&#8221; custom_padding=&#8221;10px|||&#8221; custom_padding_tablet=&#8221;40px|||&#8221; custom_padding_phone=&#8221;30px|||&#8221; custom_padding_last_edited=&#8221;on|phone&#8221; header_font_size_tablet=&#8221;23px&#8221; header_font_size_phone=&#8221;16px&#8221; header_font_size_last_edited=&#8221;on|phone&#8221; header_line_height_tablet=&#8221;&#8221; header_line_height_phone=&#8221;1.4em&#8221; header_line_height_last_edited=&#8221;on|desktop&#8221; header_2_font_size_tablet=&#8221;40px&#8221; header_2_font_size_phone=&#8221;29px&#8221; header_2_font_size_last_edited=&#8221;on|desktop&#8221;]<\/p>\n<h2><strong>Roc\u00edo Bel\u00e9n Paleari<\/strong><\/h2>\n<p>[\/et_pb_text][et_pb_text _builder_version=&#8221;4.7.7&#8243; text_font=&#8221;Raleway|500|||||||&#8221; text_text_color=&#8221;#1d6490&#8243; header_font=&#8221;Raleway|700|||||||&#8221; header_text_color=&#8221;#1d6490&#8243; header_font_size=&#8221;21px&#8221; custom_margin=&#8221;-32px|||&#8221; custom_margin_tablet=&#8221;&#8221; custom_margin_phone=&#8221;&#8221; custom_margin_last_edited=&#8221;on|desktop&#8221; custom_padding=&#8221;21px|||&#8221; custom_padding_tablet=&#8221;0px|||&#8221; custom_padding_phone=&#8221;&#8221; custom_padding_last_edited=&#8221;on|tablet&#8221; hover_enabled=&#8221;0&#8243; text_font_size_tablet=&#8221;12px&#8221; text_font_size_phone=&#8221;9px&#8221; text_font_size_last_edited=&#8221;on|phone&#8221; text_line_height_tablet=&#8221;&#8221; text_line_height_phone=&#8221;2.5em&#8221; text_line_height_last_edited=&#8221;on|phone&#8221; header_font_size_tablet=&#8221;&#8221; header_font_size_phone=&#8221;14px&#8221; header_font_size_last_edited=&#8221;on|phone&#8221; header_line_height_tablet=&#8221;&#8221; header_line_height_phone=&#8221;1.4em&#8221; header_line_height_last_edited=&#8221;on|phone&#8221; sticky_enabled=&#8221;0&#8243;]<\/p>\n<h1>MARKETING &amp; COMMUNICATIONS SPECIALIST \/ TOURISM &amp; MICE<\/h1>\n<p>[\/et_pb_text][et_pb_text _builder_version=&#8221;4.7.7&#8243; text_font=&#8221;Raleway||||||||&#8221; header_font=&#8221;Raleway|600|||||||&#8221; header_text_color=&#8221;#5a5a5a&#8221; header_font_size=&#8221;26px&#8221; header_line_height=&#8221;1.5em&#8221; max_width_tablet=&#8221;&#8221; max_width_phone=&#8221;&#8221; max_width_last_edited=&#8221;on|phone&#8221; custom_padding=&#8221;|0px||&#8221; custom_padding_tablet=&#8221;16px|||&#8221; custom_padding_phone=&#8221;0px|||&#8221; custom_padding_last_edited=&#8221;on|phone&#8221; text_font_size_tablet=&#8221;&#8221; text_font_size_phone=&#8221;12px&#8221; text_font_size_last_edited=&#8221;on|phone&#8221; text_line_height_tablet=&#8221;&#8221; text_line_height_phone=&#8221;1.8em&#8221; text_line_height_last_edited=&#8221;on|phone&#8221; header_font_size_tablet=&#8221;20px&#8221; header_font_size_phone=&#8221;14px&#8221; header_font_size_last_edited=&#8221;on|phone&#8221;]<\/p>\n<p>Holds a degree in Communication Sciences and a Master\u2019s in Screenwriting, with a professional background focused on communication, marketing, and content creation within the tourism, cultural, and creative industries. Her profile brings together strategic vision, narrative sensitivity, and a strong focus on audience experience.<\/p>\n<p>Throughout her career, she has worked with tourism companies in Patagonia, developing communication strategies and content aimed at promoting destinations, premium experiences, and high-value tourism proposals. She has also collaborated with international companies such as Penguin Random House and Discovery Warner Bros., contributing to marketing projects, audience analysis, and the development of cultural and entertainment content.<\/p>\n<p>With international experience and a storytelling-driven approach to tourism communication, communication as a key tool for highlighting destinations, cultural identity, and authentic experiences.<\/p>\n<p>Passionate about travel, writing, and audiovisual creation, she approaches every project with curiosity, creative insight, and a deep respect for the stories behind each place.<\/p>\n<p>[\/et_pb_text][\/et_pb_column][\/et_pb_row][\/et_pb_section][et_pb_section fb_built=&#8221;1&#8243; _builder_version=&#8221;3.22&#8243; max_width=&#8221;60%&#8221; max_width_tablet=&#8221;&#8221; max_width_phone=&#8221;&#8221; max_width_last_edited=&#8221;on|desktop&#8221; module_alignment=&#8221;center&#8221; custom_margin=&#8221;||90px|&#8221; custom_margin_tablet=&#8221;120px||20px|&#8221; custom_margin_phone=&#8221;120px||50px|&#8221; custom_margin_last_edited=&#8221;on|phone&#8221; animation_style=&#8221;fade&#8221;][et_pb_row _builder_version=&#8221;3.25&#8243; width=&#8221;100%&#8221; max_width=&#8221;100%&#8221; use_custom_width=&#8221;on&#8221; width_unit=&#8221;off&#8221; custom_width_percent=&#8221;100%&#8221;][et_pb_column type=&#8221;4_4&#8243; _builder_version=&#8221;3.25&#8243; custom_padding=&#8221;|||&#8221; custom_padding__hover=&#8221;|||&#8221;][et_pb_button button_url=&#8221;https:\/\/blueroom.es\/nosotros\/&#8221; button_text=&#8221;NOSOTROS&#8221; button_alignment=&#8221;center&#8221; _builder_version=&#8221;4.7.7&#8243; custom_button=&#8221;on&#8221; button_text_size=&#8221;23px&#8221; button_text_color=&#8221;#1D6490&#8243; button_bg_color=&#8221;#ffffff&#8221; button_border_color=&#8221;#ffffff&#8221; button_font=&#8221;Raleway|600|||||||&#8221; button_icon=&#8221;%%24%%&#8221; button_on_hover=&#8221;off&#8221; button_text_size_tablet=&#8221;21px&#8221; button_text_size_phone=&#8221;15px&#8221; button_text_size_last_edited=&#8221;on|phone&#8221; button_text_color_hover=&#8221;#699EBD&#8221; button_border_color_hover=&#8221;#ffffff&#8221; button_bg_color_hover=&#8221;#ffffff&#8221; button_text_size__hover_enabled=&#8221;off&#8221; button_one_text_size__hover_enabled=&#8221;off&#8221; button_two_text_size__hover_enabled=&#8221;off&#8221; button_text_color__hover_enabled=&#8221;on&#8221; button_text_color__hover=&#8221;#699EBD&#8221; button_one_text_color__hover_enabled=&#8221;off&#8221; button_two_text_color__hover_enabled=&#8221;off&#8221; button_border_width__hover_enabled=&#8221;off&#8221; button_one_border_width__hover_enabled=&#8221;off&#8221; button_two_border_width__hover_enabled=&#8221;off&#8221; button_border_color__hover_enabled=&#8221;on&#8221; button_border_color__hover=&#8221;#ffffff&#8221; button_one_border_color__hover_enabled=&#8221;off&#8221; button_two_border_color__hover_enabled=&#8221;off&#8221; button_border_radius__hover_enabled=&#8221;off&#8221; button_one_border_radius__hover_enabled=&#8221;off&#8221; button_two_border_radius__hover_enabled=&#8221;off&#8221; button_letter_spacing__hover_enabled=&#8221;off&#8221; button_one_letter_spacing__hover_enabled=&#8221;off&#8221; button_two_letter_spacing__hover_enabled=&#8221;off&#8221; button_bg_color__hover_enabled=&#8221;on&#8221; button_bg_color__hover=&#8221;#ffffff&#8221; button_one_bg_color__hover_enabled=&#8221;off&#8221; button_two_bg_color__hover_enabled=&#8221;off&#8221;][\/et_pb_button][\/et_pb_column][\/et_pb_row][\/et_pb_section]<\/p>\n","protected":false},"excerpt":{"rendered":"<p>[et_pb_section fb_built=&#8221;1&#8243; module_id=&#8221;conmutador&#8221; _builder_version=&#8221;3.22&#8243; max_width=&#8221;90%&#8221; max_width_tablet=&#8221;&#8221; max_width_phone=&#8221;&#8221; max_width_last_edited=&#8221;on|desktop&#8221; module_alignment=&#8221;center&#8221; custom_margin=&#8221;||6px|&#8221; custom_padding=&#8221;|||&#8221;][et_pb_row module_id=&#8221;conmutador_row&#8221; _builder_version=&#8221;3.25&#8243; custom_padding=&#8221;0|0px|0|0px|false|false&#8221;][et_pb_column type=&#8221;4_4&#8243; _builder_version=&#8221;3.25&#8243; custom_padding=&#8221;|||&#8221; custom_padding__hover=&#8221;|||&#8221;][\/et_pb_column][\/et_pb_row][\/et_pb_section][et_pb_section fb_built=&#8221;1&#8243; fullwidth=&#8221;on&#8221; disabled_on=&#8221;on|on|off&#8221; _builder_version=&#8221;3.22&#8243; background_image=&#8221;https:\/\/blueroom.es\/wp-content\/uploads\/2018\/10\/back-01.jpg&#8221; parallax=&#8221;on&#8221; custom_padding=&#8221;0||99px||false|false&#8221;][et_pb_fullwidth_code] [\/et_pb_fullwidth_code][\/et_pb_section][et_pb_section fb_built=&#8221;1&#8243; custom_padding_last_edited=&#8221;on|phone&#8221; _builder_version=&#8221;3.22&#8243; background_color=&#8221;#ffffff&#8221; max_width=&#8221;80%&#8221; max_width_tablet=&#8221;90%&#8221; max_width_phone=&#8221;&#8221; max_width_last_edited=&#8221;on|phone&#8221; module_alignment=&#8221;center&#8221; custom_margin=&#8221;-8%|||&#8221; custom_margin_tablet=&#8221;5%|||&#8221; custom_margin_phone=&#8221;0%|||&#8221; custom_margin_last_edited=&#8221;on|phone&#8221; custom_padding=&#8221;31px|0px|260px|0px|false|false&#8221; custom_padding_tablet=&#8221;10px||0px|&#8221; custom_padding_phone=&#8221;0px||0px|&#8221;][et_pb_row custom_padding_last_edited=&#8221;on|phone&#8221; _builder_version=&#8221;3.25&#8243; background_size=&#8221;initial&#8221; background_position=&#8221;top_left&#8221; background_repeat=&#8221;repeat&#8221; width=&#8221;85%&#8221; max_width=&#8221;85%&#8221; custom_margin_tablet=&#8221;||-50px|&#8221; custom_margin_phone=&#8221;||-65px|&#8221; custom_margin_last_edited=&#8221;on|phone&#8221; custom_padding=&#8221;50px|0px|10px|0px|false|false&#8221; custom_padding_tablet=&#8221;&#8221; custom_padding_phone=&#8221;45px|||&#8221; [&hellip;]<\/p>\n","protected":false},"author":1,"featured_media":0,"parent":0,"menu_order":0,"comment_status":"closed","ping_status":"closed","template":"","meta":{"_et_pb_use_builder":"on","_et_pb_old_content":"","_et_gb_content_width":"","footnotes":""},"class_list":["post-40462","page","type-page","status-publish","hentry"],"yoast_head":"<!-- This site is optimized with the Yoast SEO plugin v25.5 - https:\/\/yoast.com\/wordpress\/plugins\/seo\/ -->\n<title>ROC\u00cdO BEL\u00c9N PALEARI L\u00d3PEZ EN &#8226; The Blueroom Project \/ Marketing Tur\u00edstico<\/title>\n<meta name=\"description\" content=\"Website The Blueroom Project \u2013 TBP Consulting: especialistas en comunicaci\u00f3n y marketing tur\u00edstico - tourism communications and marketing specialists.\" \/>\n<meta name=\"robots\" content=\"noindex, follow\" \/>\n<meta name=\"twitter:label1\" content=\"Est. reading time\" \/>\n\t<meta name=\"twitter:data1\" content=\"1 minute\" \/>\n<script type=\"application\/ld+json\" class=\"yoast-schema-graph\">{\"@context\":\"https:\/\/schema.org\",\"@graph\":[{\"@type\":\"WebPage\",\"@id\":\"https:\/\/blueroom.es\/en\/rocio-belen-peleari\/\",\"url\":\"https:\/\/blueroom.es\/en\/rocio-belen-peleari\/\",\"name\":\"ROC\u00cdO BEL\u00c9N PALEARI L\u00d3PEZ EN &#8226; The Blueroom Project \/ Marketing Tur\u00edstico\",\"isPartOf\":{\"@id\":\"https:\/\/blueroom.es\/#website\"},\"datePublished\":\"2025-12-19T18:23:54+00:00\",\"dateModified\":\"2026-01-05T09:05:34+00:00\",\"description\":\"Website The Blueroom Project \u2013 TBP Consulting: especialistas en comunicaci\u00f3n y marketing tur\u00edstico - tourism communications and marketing specialists.\",\"breadcrumb\":{\"@id\":\"https:\/\/blueroom.es\/en\/rocio-belen-peleari\/#breadcrumb\"},\"inLanguage\":\"en-US\",\"potentialAction\":[{\"@type\":\"ReadAction\",\"target\":[\"https:\/\/blueroom.es\/en\/rocio-belen-peleari\/\"]}]},{\"@type\":\"BreadcrumbList\",\"@id\":\"https:\/\/blueroom.es\/en\/rocio-belen-peleari\/#breadcrumb\",\"itemListElement\":[{\"@type\":\"ListItem\",\"position\":1,\"name\":\"Home\",\"item\":\"https:\/\/blueroom.es\/en\/\"},{\"@type\":\"ListItem\",\"position\":2,\"name\":\"ROC\u00cdO BEL\u00c9N PALEARI L\u00d3PEZ EN\"}]},{\"@type\":\"WebSite\",\"@id\":\"https:\/\/blueroom.es\/#website\",\"url\":\"https:\/\/blueroom.es\/\",\"name\":\"The Blueroom Project \/ Marketing Tur\u00edstico\",\"description\":\"TBP Consulting \/ Servicio Integral\",\"publisher\":{\"@id\":\"https:\/\/blueroom.es\/#organization\"},\"potentialAction\":[{\"@type\":\"SearchAction\",\"target\":{\"@type\":\"EntryPoint\",\"urlTemplate\":\"https:\/\/blueroom.es\/?s={search_term_string}\"},\"query-input\":{\"@type\":\"PropertyValueSpecification\",\"valueRequired\":true,\"valueName\":\"search_term_string\"}}],\"inLanguage\":\"en-US\"},{\"@type\":\"Organization\",\"@id\":\"https:\/\/blueroom.es\/#organization\",\"name\":\"The Blueroom Project\",\"url\":\"https:\/\/blueroom.es\/\",\"logo\":{\"@type\":\"ImageObject\",\"inLanguage\":\"en-US\",\"@id\":\"https:\/\/blueroom.es\/#\/schema\/logo\/image\/\",\"url\":\"https:\/\/blueroom.es\/wp-content\/uploads\/2018\/05\/logo_full-color.png\",\"contentUrl\":\"https:\/\/blueroom.es\/wp-content\/uploads\/2018\/05\/logo_full-color.png\",\"width\":180,\"height\":180,\"caption\":\"The Blueroom Project\"},\"image\":{\"@id\":\"https:\/\/blueroom.es\/#\/schema\/logo\/image\/\"},\"sameAs\":[\"https:\/\/es-es.facebook.com\/tbpconsultig\",\"https:\/\/x.com\/blueroom_es\",\"https:\/\/www.instagram.com\/theblueroomproyect\/\",\"https:\/\/www.linkedin.com\/company\/the-blueroom-project-tbp-\"]}]}<\/script>\n<!-- \/ Yoast SEO plugin. -->","yoast_head_json":{"title":"ROC\u00cdO BEL\u00c9N PALEARI L\u00d3PEZ EN &#8226; The Blueroom Project \/ Marketing Tur\u00edstico","description":"Website The Blueroom Project \u2013 TBP Consulting: especialistas en comunicaci\u00f3n y marketing tur\u00edstico - tourism communications and marketing specialists.","robots":{"index":"noindex","follow":"follow"},"twitter_misc":{"Est. reading time":"1 minute"},"schema":{"@context":"https:\/\/schema.org","@graph":[{"@type":"WebPage","@id":"https:\/\/blueroom.es\/en\/rocio-belen-peleari\/","url":"https:\/\/blueroom.es\/en\/rocio-belen-peleari\/","name":"ROC\u00cdO BEL\u00c9N PALEARI L\u00d3PEZ EN &#8226; The Blueroom Project \/ Marketing Tur\u00edstico","isPartOf":{"@id":"https:\/\/blueroom.es\/#website"},"datePublished":"2025-12-19T18:23:54+00:00","dateModified":"2026-01-05T09:05:34+00:00","description":"Website The Blueroom Project \u2013 TBP Consulting: especialistas en comunicaci\u00f3n y marketing tur\u00edstico - tourism communications and marketing specialists.","breadcrumb":{"@id":"https:\/\/blueroom.es\/en\/rocio-belen-peleari\/#breadcrumb"},"inLanguage":"en-US","potentialAction":[{"@type":"ReadAction","target":["https:\/\/blueroom.es\/en\/rocio-belen-peleari\/"]}]},{"@type":"BreadcrumbList","@id":"https:\/\/blueroom.es\/en\/rocio-belen-peleari\/#breadcrumb","itemListElement":[{"@type":"ListItem","position":1,"name":"Home","item":"https:\/\/blueroom.es\/en\/"},{"@type":"ListItem","position":2,"name":"ROC\u00cdO BEL\u00c9N PALEARI L\u00d3PEZ EN"}]},{"@type":"WebSite","@id":"https:\/\/blueroom.es\/#website","url":"https:\/\/blueroom.es\/","name":"The Blueroom Project \/ Marketing Tur\u00edstico","description":"TBP Consulting \/ Servicio Integral","publisher":{"@id":"https:\/\/blueroom.es\/#organization"},"potentialAction":[{"@type":"SearchAction","target":{"@type":"EntryPoint","urlTemplate":"https:\/\/blueroom.es\/?s={search_term_string}"},"query-input":{"@type":"PropertyValueSpecification","valueRequired":true,"valueName":"search_term_string"}}],"inLanguage":"en-US"},{"@type":"Organization","@id":"https:\/\/blueroom.es\/#organization","name":"The Blueroom Project","url":"https:\/\/blueroom.es\/","logo":{"@type":"ImageObject","inLanguage":"en-US","@id":"https:\/\/blueroom.es\/#\/schema\/logo\/image\/","url":"https:\/\/blueroom.es\/wp-content\/uploads\/2018\/05\/logo_full-color.png","contentUrl":"https:\/\/blueroom.es\/wp-content\/uploads\/2018\/05\/logo_full-color.png","width":180,"height":180,"caption":"The Blueroom Project"},"image":{"@id":"https:\/\/blueroom.es\/#\/schema\/logo\/image\/"},"sameAs":["https:\/\/es-es.facebook.com\/tbpconsultig","https:\/\/x.com\/blueroom_es","https:\/\/www.instagram.com\/theblueroomproyect\/","https:\/\/www.linkedin.com\/company\/the-blueroom-project-tbp-"]}]}},"_links":{"self":[{"href":"https:\/\/blueroom.es\/en\/wp-json\/wp\/v2\/pages\/40462"}],"collection":[{"href":"https:\/\/blueroom.es\/en\/wp-json\/wp\/v2\/pages"}],"about":[{"href":"https:\/\/blueroom.es\/en\/wp-json\/wp\/v2\/types\/page"}],"author":[{"embeddable":true,"href":"https:\/\/blueroom.es\/en\/wp-json\/wp\/v2\/users\/1"}],"replies":[{"embeddable":true,"href":"https:\/\/blueroom.es\/en\/wp-json\/wp\/v2\/comments?post=40462"}],"version-history":[{"count":5,"href":"https:\/\/blueroom.es\/en\/wp-json\/wp\/v2\/pages\/40462\/revisions"}],"predecessor-version":[{"id":40473,"href":"https:\/\/blueroom.es\/en\/wp-json\/wp\/v2\/pages\/40462\/revisions\/40473"}],"wp:attachment":[{"href":"https:\/\/blueroom.es\/en\/wp-json\/wp\/v2\/media?parent=40462"}],"curies":[{"name":"wp","href":"https:\/\/api.w.org\/{rel}","templated":true}]}}