{"id":31481,"date":"2018-12-27T16:44:48","date_gmt":"2018-12-27T15:44:48","guid":{"rendered":"https:\/\/blueroom.es\/rafael-alberto-perez-es\/"},"modified":"2024-05-06T20:10:13","modified_gmt":"2024-05-06T19:10:13","slug":"rafael-alberto-perez-es","status":"publish","type":"page","link":"https:\/\/blueroom.es\/en\/rafael-alberto-perez-es\/","title":{"rendered":"RAFAEL ALBERTO P\u00c9REZ EN"},"content":{"rendered":"<p>[et_pb_section fb_built=&#8221;1&#8243; module_id=&#8221;conmutador&#8221; _builder_version=&#8221;3.22&#8243; max_width=&#8221;90%&#8221; max_width_tablet=&#8221;&#8221; max_width_phone=&#8221;&#8221; max_width_last_edited=&#8221;on|desktop&#8221; module_alignment=&#8221;center&#8221; custom_margin=&#8221;||6px|&#8221; custom_padding=&#8221;|||&#8221;][et_pb_row module_id=&#8221;conmutador_row&#8221; _builder_version=&#8221;4.7.7&#8243; custom_padding=&#8221;0|0px|0|0px|false|false&#8221;][et_pb_column type=&#8221;4_4&#8243; _builder_version=&#8221;3.25&#8243; custom_padding=&#8221;|||&#8221; custom_padding__hover=&#8221;|||&#8221;][\/et_pb_column][\/et_pb_row][\/et_pb_section][et_pb_section fb_built=&#8221;1&#8243; fullwidth=&#8221;on&#8221; disabled_on=&#8221;on|on|off&#8221; _builder_version=&#8221;3.22&#8243; background_image=&#8221;https:\/\/blueroom.es\/wp-content\/uploads\/2018\/10\/back-01.jpg&#8221; parallax=&#8221;on&#8221; custom_padding=&#8221;0||99px||false|false&#8221;][et_pb_fullwidth_code _builder_version=&#8221;4.7.7&#8243;]<\/p>\n<div style=\"height:80px;\"><\/div>\n<p>[\/et_pb_fullwidth_code][\/et_pb_section][et_pb_section fb_built=&#8221;1&#8243; custom_padding_last_edited=&#8221;on|phone&#8221; _builder_version=&#8221;3.22&#8243; background_color=&#8221;#ffffff&#8221; max_width=&#8221;80%&#8221; max_width_tablet=&#8221;90%&#8221; max_width_phone=&#8221;&#8221; max_width_last_edited=&#8221;on|phone&#8221; module_alignment=&#8221;center&#8221; custom_margin=&#8221;-8%|||&#8221; custom_margin_tablet=&#8221;5%|||&#8221; custom_margin_phone=&#8221;0%|||&#8221; custom_margin_last_edited=&#8221;on|phone&#8221; custom_padding=&#8221;31px|0px|260px|0px|false|false&#8221; custom_padding_tablet=&#8221;10px||0px|&#8221; custom_padding_phone=&#8221;0px||0px|&#8221;][et_pb_row custom_padding_last_edited=&#8221;on|phone&#8221; _builder_version=&#8221;3.25&#8243; background_size=&#8221;initial&#8221; background_position=&#8221;top_left&#8221; background_repeat=&#8221;repeat&#8221; width=&#8221;85%&#8221; max_width=&#8221;85%&#8221; custom_margin_tablet=&#8221;||-50px|&#8221; custom_margin_phone=&#8221;||-65px|&#8221; custom_margin_last_edited=&#8221;on|phone&#8221; custom_padding=&#8221;50px|0px|10px|0px|false|false&#8221; custom_padding_tablet=&#8221;&#8221; custom_padding_phone=&#8221;45px|||&#8221; use_custom_width=&#8221;on&#8221; width_unit=&#8221;off&#8221; custom_width_percent=&#8221;85%&#8221;][et_pb_column type=&#8221;4_4&#8243; _builder_version=&#8221;3.25&#8243; custom_padding=&#8221;|||&#8221; custom_padding__hover=&#8221;|||&#8221;][et_pb_text _builder_version=&#8221;4.7.7&#8243; text_font=&#8221;|700|||||||&#8221; text_text_color=&#8221;#699cbd&#8221; text_font_size=&#8221;31px&#8221; text_line_height=&#8221;0.5em&#8221; header_font=&#8221;Raleway||||||||&#8221; header_text_align=&#8221;left&#8221; header_text_color=&#8221;#699ebd&#8221; header_2_font=&#8221;Raleway||||||||&#8221; header_2_text_align=&#8221;left&#8221; header_2_text_color=&#8221;#699cbd&#8221; header_2_line_height=&#8221;1.6em&#8221; background_size=&#8221;initial&#8221; background_position=&#8221;top_left&#8221; background_repeat=&#8221;repeat&#8221; module_alignment=&#8221;center&#8221; custom_padding=&#8221;10px|||&#8221; hover_enabled=&#8221;0&#8243; header_font_size_tablet=&#8221;23px&#8221; header_font_size_phone=&#8221;16px&#8221; header_font_size_last_edited=&#8221;on|phone&#8221; header_line_height_tablet=&#8221;&#8221; header_line_height_phone=&#8221;1.4em&#8221; header_line_height_last_edited=&#8221;on|desktop&#8221; header_2_font_size_tablet=&#8221;21px&#8221; header_2_font_size_phone=&#8221;14px&#8221; header_2_font_size_last_edited=&#8221;on|phone&#8221; sticky_enabled=&#8221;0&#8243;]<\/p>\n<h1><span style=\"font-size: 1.5em;\"><strong>About us<\/strong><\/span><\/h1>\n<p>[\/et_pb_text][\/et_pb_column][\/et_pb_row][et_pb_row column_structure=&#8221;1_3,2_3&#8243; make_equal=&#8221;on&#8221; custom_padding_last_edited=&#8221;on|phone&#8221; module_id=&#8221;v-center&#8221; _builder_version=&#8221;3.25&#8243; background_size=&#8221;initial&#8221; background_position=&#8221;top_left&#8221; background_repeat=&#8221;repeat&#8221; width=&#8221;85%&#8221; max_width=&#8221;85%&#8221; custom_padding=&#8221;172px|0px|27px|0px|false|false&#8221; custom_padding_tablet=&#8221;120px|||&#8221; custom_padding_phone=&#8221;100px|||&#8221; use_custom_width=&#8221;on&#8221; width_unit=&#8221;off&#8221; custom_width_percent=&#8221;85%&#8221;][et_pb_column type=&#8221;1_3&#8243; _builder_version=&#8221;3.25&#8243; custom_padding=&#8221;|||&#8221; custom_padding__hover=&#8221;|||&#8221;][et_pb_image src=&#8221;https:\/\/blueroom.es\/wp-content\/uploads\/2018\/12\/rafael-alberto-perez.jpg&#8221; align=&#8221;center&#8221; align_tablet=&#8221;center&#8221; align_phone=&#8221;&#8221; align_last_edited=&#8221;on|desktop&#8221; _builder_version=&#8221;3.23&#8243;][\/et_pb_image][\/et_pb_column][et_pb_column type=&#8221;2_3&#8243; _builder_version=&#8221;3.25&#8243; parallax=&#8221;on&#8221; custom_padding=&#8221;|||&#8221; custom_padding__hover=&#8221;|||&#8221;][et_pb_text _builder_version=&#8221;4.7.7&#8243; text_font=&#8221;|700|||||||&#8221; text_text_color=&#8221;#699cbd&#8221; text_font_size=&#8221;31px&#8221; text_line_height=&#8221;0.5em&#8221; header_font=&#8221;Raleway||||||||&#8221; header_text_align=&#8221;left&#8221; header_text_color=&#8221;#699ebd&#8221; header_2_font=&#8221;Raleway||||||||&#8221; header_2_text_align=&#8221;left&#8221; header_2_text_color=&#8221;#699cbd&#8221; header_2_font_size=&#8221;50px&#8221; header_2_line_height=&#8221;1.6em&#8221; background_size=&#8221;initial&#8221; background_position=&#8221;top_left&#8221; background_repeat=&#8221;repeat&#8221; custom_padding=&#8221;10px|||&#8221; custom_padding_tablet=&#8221;40px|||&#8221; custom_padding_phone=&#8221;30px|||&#8221; custom_padding_last_edited=&#8221;on|phone&#8221; header_font_size_tablet=&#8221;23px&#8221; header_font_size_phone=&#8221;16px&#8221; header_font_size_last_edited=&#8221;on|phone&#8221; header_line_height_tablet=&#8221;&#8221; header_line_height_phone=&#8221;1.4em&#8221; header_line_height_last_edited=&#8221;on|desktop&#8221; header_2_font_size_tablet=&#8221;40px&#8221; header_2_font_size_phone=&#8221;29px&#8221; header_2_font_size_last_edited=&#8221;on|desktop&#8221;]<\/p>\n<h2><strong>Rafael Alberto P\u00e9rez<\/strong><\/h2>\n<p>[\/et_pb_text][et_pb_text _builder_version=&#8221;4.7.7&#8243; text_font=&#8221;Raleway|500|||||||&#8221; text_text_color=&#8221;#1d6490&#8243; header_font=&#8221;Raleway|700|||||||&#8221; header_text_color=&#8221;#1d6490&#8243; header_font_size=&#8221;21px&#8221; custom_margin=&#8221;-32px|||&#8221; custom_margin_tablet=&#8221;&#8221; custom_margin_phone=&#8221;&#8221; custom_margin_last_edited=&#8221;on|desktop&#8221; custom_padding=&#8221;21px|||&#8221; custom_padding_tablet=&#8221;0px|||&#8221; custom_padding_phone=&#8221;&#8221; custom_padding_last_edited=&#8221;on|tablet&#8221; text_font_size_tablet=&#8221;12px&#8221; text_font_size_phone=&#8221;9px&#8221; text_font_size_last_edited=&#8221;on|phone&#8221; text_line_height_tablet=&#8221;&#8221; text_line_height_phone=&#8221;2.5em&#8221; text_line_height_last_edited=&#8221;on|phone&#8221; header_font_size_tablet=&#8221;&#8221; header_font_size_phone=&#8221;14px&#8221; header_font_size_last_edited=&#8221;on|phone&#8221; header_line_height_tablet=&#8221;&#8221; header_line_height_phone=&#8221;1.4em&#8221; header_line_height_last_edited=&#8221;on|phone&#8221;]<\/p>\n<h1>STRATEGIC ADVISOR<\/h1>\n<p>[\/et_pb_text][et_pb_text _builder_version=&#8221;4.7.7&#8243; text_font=&#8221;Raleway||||||||&#8221; header_font=&#8221;Raleway|600|||||||&#8221; header_text_color=&#8221;#5a5a5a&#8221; header_font_size=&#8221;26px&#8221; header_line_height=&#8221;1.5em&#8221; max_width_tablet=&#8221;&#8221; max_width_phone=&#8221;&#8221; max_width_last_edited=&#8221;on|phone&#8221; custom_padding=&#8221;|0px||&#8221; custom_padding_tablet=&#8221;16px|||&#8221; custom_padding_phone=&#8221;0px|||&#8221; custom_padding_last_edited=&#8221;on|phone&#8221; text_font_size_tablet=&#8221;&#8221; text_font_size_phone=&#8221;12px&#8221; text_font_size_last_edited=&#8221;on|phone&#8221; text_line_height_tablet=&#8221;&#8221; text_line_height_phone=&#8221;1.8em&#8221; text_line_height_last_edited=&#8221;on|phone&#8221; header_font_size_tablet=&#8221;20px&#8221; header_font_size_phone=&#8221;14px&#8221; header_font_size_last_edited=&#8221;on|phone&#8221;]<\/p>\n<p><img loading=\"lazy\" decoding=\"async\" class=\"wp-image-29788 alignleft\" src=\"https:\/\/blueroom.es\/wp-content\/uploads\/2019\/12\/black-lace.png\" alt=\"\" width=\"46\" height=\"61\" \/><strong>IN MEMORIAM: HE DIED ON DECEMBER 4, 2019 IN MADRID<\/strong><\/p>\n<p><strong><br \/>BUT HIS BOOKS AND LEGACY CONTINUE TO INSPIRE OUR DAILY WORK<\/strong><\/p>\n<p>Considered the father of the \u201cNew Strategic Theory\u201d (in Spanish NTE) and a reference author on the discipline of strategy and communications, Rafael Alberto P\u00e9rez (A Coru\u00f1a, Espa\u00f1a, 1942) is recognised by many experts who have attended his seminars, read his books or simply have visited his blog, as the man who \u201chas changed their way of understanding and developing strategies\u201d.<\/p>\n<p>Committed to the complex thought which is present in his work, he reveals the present trend to confront theory and practice, which is leading to weakness in both of them.<\/p>\n<p>PhD in Communications from the Complutense University of Madrid and Dr. ex-thesis in Law (University de Santiago de Compostela and Aut\u00f3noma de Madrid). He studied Business Administration at Comillas Pontifical University (ICADE, Madrid) and graduated in the first promotion of Communications from the Official School of Advertising (Madrid).<\/p>\n<p>Strategic Advisor over the last 40 years, he worked as a Professor for 42 years at the Complutense University of Madrid, where he is presently Professor Emeritus. Guest lecturer at more than 120 Universities from 18 countries and Honorary President of FISEC (Ibero-american Forum on Communications Strategies) and CINTE (Itinerant Chair on the New Strategic Theory). Currently, he is a member of 14 Scientific Councils in 6 different countries.<\/p>\n<p>[\/et_pb_text][\/et_pb_column][\/et_pb_row][\/et_pb_section][et_pb_section fb_built=&#8221;1&#8243; _builder_version=&#8221;3.22&#8243; max_width=&#8221;60%&#8221; max_width_tablet=&#8221;&#8221; max_width_phone=&#8221;&#8221; max_width_last_edited=&#8221;on|desktop&#8221; module_alignment=&#8221;center&#8221; custom_margin=&#8221;||90px|&#8221; custom_margin_tablet=&#8221;120px||20px|&#8221; custom_margin_phone=&#8221;120px||50px|&#8221; custom_margin_last_edited=&#8221;on|phone&#8221; animation_style=&#8221;fade&#8221;][et_pb_row _builder_version=&#8221;3.25&#8243; width=&#8221;100%&#8221; max_width=&#8221;100%&#8221; use_custom_width=&#8221;on&#8221; width_unit=&#8221;off&#8221; custom_width_percent=&#8221;100%&#8221;][et_pb_column type=&#8221;4_4&#8243; _builder_version=&#8221;3.25&#8243; custom_padding=&#8221;|||&#8221; custom_padding__hover=&#8221;|||&#8221;][et_pb_button button_url=&#8221;https:\/\/blueroom.es\/en\/about-us\/&#8221; button_text=&#8221;ABOUT US&#8221; button_alignment=&#8221;center&#8221; _builder_version=&#8221;4.7.7&#8243; custom_button=&#8221;on&#8221; button_text_size=&#8221;23px&#8221; button_text_color=&#8221;#1D6490&#8243; button_bg_color=&#8221;#ffffff&#8221; button_border_color=&#8221;#ffffff&#8221; button_font=&#8221;Raleway|600|||||||&#8221; button_icon=&#8221;%%24%%&#8221; button_on_hover=&#8221;off&#8221; hover_enabled=&#8221;0&#8243; button_text_size_tablet=&#8221;21px&#8221; button_text_size_phone=&#8221;15px&#8221; button_text_size_last_edited=&#8221;on|phone&#8221; button_text_color_hover=&#8221;#699EBD&#8221; button_border_color_hover=&#8221;#ffffff&#8221; button_bg_color_hover=&#8221;#ffffff&#8221; button_text_size__hover_enabled=&#8221;off&#8221; button_one_text_size__hover_enabled=&#8221;off&#8221; button_two_text_size__hover_enabled=&#8221;off&#8221; button_text_color__hover_enabled=&#8221;on&#8221; button_text_color__hover=&#8221;#699EBD&#8221; button_one_text_color__hover_enabled=&#8221;off&#8221; button_two_text_color__hover_enabled=&#8221;off&#8221; button_border_width__hover_enabled=&#8221;off&#8221; button_one_border_width__hover_enabled=&#8221;off&#8221; button_two_border_width__hover_enabled=&#8221;off&#8221; button_border_color__hover_enabled=&#8221;on&#8221; button_border_color__hover=&#8221;#ffffff&#8221; button_one_border_color__hover_enabled=&#8221;off&#8221; button_two_border_color__hover_enabled=&#8221;off&#8221; button_border_radius__hover_enabled=&#8221;off&#8221; button_one_border_radius__hover_enabled=&#8221;off&#8221; button_two_border_radius__hover_enabled=&#8221;off&#8221; button_letter_spacing__hover_enabled=&#8221;off&#8221; button_one_letter_spacing__hover_enabled=&#8221;off&#8221; button_two_letter_spacing__hover_enabled=&#8221;off&#8221; button_bg_color__hover_enabled=&#8221;on&#8221; button_bg_color__hover=&#8221;#ffffff&#8221; button_one_bg_color__hover_enabled=&#8221;off&#8221; button_two_bg_color__hover_enabled=&#8221;off&#8221; sticky_enabled=&#8221;0&#8243;][\/et_pb_button][\/et_pb_column][\/et_pb_row][\/et_pb_section]<\/p>\n","protected":false},"excerpt":{"rendered":"<p>[et_pb_section fb_built=&#8221;1&#8243; module_id=&#8221;conmutador&#8221; _builder_version=&#8221;3.22&#8243; max_width=&#8221;90%&#8221; max_width_tablet=&#8221;&#8221; max_width_phone=&#8221;&#8221; max_width_last_edited=&#8221;on|desktop&#8221; module_alignment=&#8221;center&#8221; custom_margin=&#8221;||6px|&#8221; custom_padding=&#8221;|||&#8221;][et_pb_row module_id=&#8221;conmutador_row&#8221; _builder_version=&#8221;4.7.7&#8243; custom_padding=&#8221;0|0px|0|0px|false|false&#8221;][et_pb_column type=&#8221;4_4&#8243; _builder_version=&#8221;3.25&#8243; custom_padding=&#8221;|||&#8221; custom_padding__hover=&#8221;|||&#8221;][\/et_pb_column][\/et_pb_row][\/et_pb_section][et_pb_section fb_built=&#8221;1&#8243; fullwidth=&#8221;on&#8221; disabled_on=&#8221;on|on|off&#8221; _builder_version=&#8221;3.22&#8243; background_image=&#8221;https:\/\/blueroom.es\/wp-content\/uploads\/2018\/10\/back-01.jpg&#8221; parallax=&#8221;on&#8221; custom_padding=&#8221;0||99px||false|false&#8221;][et_pb_fullwidth_code _builder_version=&#8221;4.7.7&#8243;] [\/et_pb_fullwidth_code][\/et_pb_section][et_pb_section fb_built=&#8221;1&#8243; custom_padding_last_edited=&#8221;on|phone&#8221; _builder_version=&#8221;3.22&#8243; background_color=&#8221;#ffffff&#8221; max_width=&#8221;80%&#8221; max_width_tablet=&#8221;90%&#8221; max_width_phone=&#8221;&#8221; max_width_last_edited=&#8221;on|phone&#8221; module_alignment=&#8221;center&#8221; custom_margin=&#8221;-8%|||&#8221; custom_margin_tablet=&#8221;5%|||&#8221; custom_margin_phone=&#8221;0%|||&#8221; custom_margin_last_edited=&#8221;on|phone&#8221; custom_padding=&#8221;31px|0px|260px|0px|false|false&#8221; custom_padding_tablet=&#8221;10px||0px|&#8221; custom_padding_phone=&#8221;0px||0px|&#8221;][et_pb_row custom_padding_last_edited=&#8221;on|phone&#8221; _builder_version=&#8221;3.25&#8243; background_size=&#8221;initial&#8221; background_position=&#8221;top_left&#8221; background_repeat=&#8221;repeat&#8221; width=&#8221;85%&#8221; max_width=&#8221;85%&#8221; custom_margin_tablet=&#8221;||-50px|&#8221; custom_margin_phone=&#8221;||-65px|&#8221; custom_margin_last_edited=&#8221;on|phone&#8221; custom_padding=&#8221;50px|0px|10px|0px|false|false&#8221; custom_padding_tablet=&#8221;&#8221; [&hellip;]<\/p>\n","protected":false},"author":5,"featured_media":0,"parent":0,"menu_order":0,"comment_status":"closed","ping_status":"closed","template":"","meta":{"_et_pb_use_builder":"on","_et_pb_old_content":"","_et_gb_content_width":"","footnotes":""},"class_list":["post-31481","page","type-page","status-publish","hentry"],"yoast_head":"<!-- This site is optimized with the Yoast SEO plugin v25.5 - https:\/\/yoast.com\/wordpress\/plugins\/seo\/ -->\n<title>RAFAEL ALBERTO P\u00c9REZ EN &#8226; The Blueroom Project \/ Marketing Tur\u00edstico<\/title>\n<meta name=\"description\" content=\"Website The Blueroom Project \u2013 TBP Consulting: especialistas en comunicaci\u00f3n y marketing tur\u00edstico - tourism communications and marketing specialists.\" \/>\n<meta name=\"robots\" content=\"noindex, follow\" \/>\n<meta name=\"twitter:label1\" content=\"Est. reading time\" \/>\n\t<meta name=\"twitter:data1\" content=\"3 minutes\" \/>\n<script type=\"application\/ld+json\" class=\"yoast-schema-graph\">{\"@context\":\"https:\/\/schema.org\",\"@graph\":[{\"@type\":\"WebPage\",\"@id\":\"https:\/\/blueroom.es\/en\/rafael-alberto-perez-es\/\",\"url\":\"https:\/\/blueroom.es\/en\/rafael-alberto-perez-es\/\",\"name\":\"RAFAEL ALBERTO P\u00c9REZ EN &#8226; The Blueroom Project \/ Marketing Tur\u00edstico\",\"isPartOf\":{\"@id\":\"https:\/\/blueroom.es\/#website\"},\"primaryImageOfPage\":{\"@id\":\"https:\/\/blueroom.es\/en\/rafael-alberto-perez-es\/#primaryimage\"},\"image\":{\"@id\":\"https:\/\/blueroom.es\/en\/rafael-alberto-perez-es\/#primaryimage\"},\"thumbnailUrl\":\"https:\/\/blueroom.es\/wp-content\/uploads\/2019\/12\/black-lace.png\",\"datePublished\":\"2018-12-27T15:44:48+00:00\",\"dateModified\":\"2024-05-06T19:10:13+00:00\",\"description\":\"Website The Blueroom Project \u2013 TBP Consulting: especialistas en comunicaci\u00f3n y marketing tur\u00edstico - tourism communications and marketing specialists.\",\"breadcrumb\":{\"@id\":\"https:\/\/blueroom.es\/en\/rafael-alberto-perez-es\/#breadcrumb\"},\"inLanguage\":\"en-US\",\"potentialAction\":[{\"@type\":\"ReadAction\",\"target\":[\"https:\/\/blueroom.es\/en\/rafael-alberto-perez-es\/\"]}]},{\"@type\":\"ImageObject\",\"inLanguage\":\"en-US\",\"@id\":\"https:\/\/blueroom.es\/en\/rafael-alberto-perez-es\/#primaryimage\",\"url\":\"https:\/\/blueroom.es\/wp-content\/uploads\/2019\/12\/black-lace.png\",\"contentUrl\":\"https:\/\/blueroom.es\/wp-content\/uploads\/2019\/12\/black-lace.png\"},{\"@type\":\"BreadcrumbList\",\"@id\":\"https:\/\/blueroom.es\/en\/rafael-alberto-perez-es\/#breadcrumb\",\"itemListElement\":[{\"@type\":\"ListItem\",\"position\":1,\"name\":\"Home\",\"item\":\"https:\/\/blueroom.es\/en\/\"},{\"@type\":\"ListItem\",\"position\":2,\"name\":\"RAFAEL ALBERTO P\u00c9REZ EN\"}]},{\"@type\":\"WebSite\",\"@id\":\"https:\/\/blueroom.es\/#website\",\"url\":\"https:\/\/blueroom.es\/\",\"name\":\"The Blueroom Project \/ Marketing Tur\u00edstico\",\"description\":\"TBP Consulting \/ Servicio Integral\",\"publisher\":{\"@id\":\"https:\/\/blueroom.es\/#organization\"},\"potentialAction\":[{\"@type\":\"SearchAction\",\"target\":{\"@type\":\"EntryPoint\",\"urlTemplate\":\"https:\/\/blueroom.es\/?s={search_term_string}\"},\"query-input\":{\"@type\":\"PropertyValueSpecification\",\"valueRequired\":true,\"valueName\":\"search_term_string\"}}],\"inLanguage\":\"en-US\"},{\"@type\":\"Organization\",\"@id\":\"https:\/\/blueroom.es\/#organization\",\"name\":\"The Blueroom Project\",\"url\":\"https:\/\/blueroom.es\/\",\"logo\":{\"@type\":\"ImageObject\",\"inLanguage\":\"en-US\",\"@id\":\"https:\/\/blueroom.es\/#\/schema\/logo\/image\/\",\"url\":\"https:\/\/blueroom.es\/wp-content\/uploads\/2018\/05\/logo_full-color.png\",\"contentUrl\":\"https:\/\/blueroom.es\/wp-content\/uploads\/2018\/05\/logo_full-color.png\",\"width\":180,\"height\":180,\"caption\":\"The Blueroom Project\"},\"image\":{\"@id\":\"https:\/\/blueroom.es\/#\/schema\/logo\/image\/\"},\"sameAs\":[\"https:\/\/es-es.facebook.com\/tbpconsultig\",\"https:\/\/x.com\/blueroom_es\",\"https:\/\/www.instagram.com\/theblueroomproyect\/\",\"https:\/\/www.linkedin.com\/company\/the-blueroom-project-tbp-\"]}]}<\/script>\n<!-- \/ Yoast SEO plugin. -->","yoast_head_json":{"title":"RAFAEL ALBERTO P\u00c9REZ EN &#8226; The Blueroom Project \/ Marketing Tur\u00edstico","description":"Website The Blueroom Project \u2013 TBP Consulting: especialistas en comunicaci\u00f3n y marketing tur\u00edstico - tourism communications and marketing specialists.","robots":{"index":"noindex","follow":"follow"},"twitter_misc":{"Est. reading time":"3 minutes"},"schema":{"@context":"https:\/\/schema.org","@graph":[{"@type":"WebPage","@id":"https:\/\/blueroom.es\/en\/rafael-alberto-perez-es\/","url":"https:\/\/blueroom.es\/en\/rafael-alberto-perez-es\/","name":"RAFAEL ALBERTO P\u00c9REZ EN &#8226; The Blueroom Project \/ Marketing Tur\u00edstico","isPartOf":{"@id":"https:\/\/blueroom.es\/#website"},"primaryImageOfPage":{"@id":"https:\/\/blueroom.es\/en\/rafael-alberto-perez-es\/#primaryimage"},"image":{"@id":"https:\/\/blueroom.es\/en\/rafael-alberto-perez-es\/#primaryimage"},"thumbnailUrl":"https:\/\/blueroom.es\/wp-content\/uploads\/2019\/12\/black-lace.png","datePublished":"2018-12-27T15:44:48+00:00","dateModified":"2024-05-06T19:10:13+00:00","description":"Website The Blueroom Project \u2013 TBP Consulting: especialistas en comunicaci\u00f3n y marketing tur\u00edstico - tourism communications and marketing specialists.","breadcrumb":{"@id":"https:\/\/blueroom.es\/en\/rafael-alberto-perez-es\/#breadcrumb"},"inLanguage":"en-US","potentialAction":[{"@type":"ReadAction","target":["https:\/\/blueroom.es\/en\/rafael-alberto-perez-es\/"]}]},{"@type":"ImageObject","inLanguage":"en-US","@id":"https:\/\/blueroom.es\/en\/rafael-alberto-perez-es\/#primaryimage","url":"https:\/\/blueroom.es\/wp-content\/uploads\/2019\/12\/black-lace.png","contentUrl":"https:\/\/blueroom.es\/wp-content\/uploads\/2019\/12\/black-lace.png"},{"@type":"BreadcrumbList","@id":"https:\/\/blueroom.es\/en\/rafael-alberto-perez-es\/#breadcrumb","itemListElement":[{"@type":"ListItem","position":1,"name":"Home","item":"https:\/\/blueroom.es\/en\/"},{"@type":"ListItem","position":2,"name":"RAFAEL ALBERTO P\u00c9REZ EN"}]},{"@type":"WebSite","@id":"https:\/\/blueroom.es\/#website","url":"https:\/\/blueroom.es\/","name":"The Blueroom Project \/ Marketing Tur\u00edstico","description":"TBP Consulting \/ Servicio Integral","publisher":{"@id":"https:\/\/blueroom.es\/#organization"},"potentialAction":[{"@type":"SearchAction","target":{"@type":"EntryPoint","urlTemplate":"https:\/\/blueroom.es\/?s={search_term_string}"},"query-input":{"@type":"PropertyValueSpecification","valueRequired":true,"valueName":"search_term_string"}}],"inLanguage":"en-US"},{"@type":"Organization","@id":"https:\/\/blueroom.es\/#organization","name":"The Blueroom Project","url":"https:\/\/blueroom.es\/","logo":{"@type":"ImageObject","inLanguage":"en-US","@id":"https:\/\/blueroom.es\/#\/schema\/logo\/image\/","url":"https:\/\/blueroom.es\/wp-content\/uploads\/2018\/05\/logo_full-color.png","contentUrl":"https:\/\/blueroom.es\/wp-content\/uploads\/2018\/05\/logo_full-color.png","width":180,"height":180,"caption":"The Blueroom Project"},"image":{"@id":"https:\/\/blueroom.es\/#\/schema\/logo\/image\/"},"sameAs":["https:\/\/es-es.facebook.com\/tbpconsultig","https:\/\/x.com\/blueroom_es","https:\/\/www.instagram.com\/theblueroomproyect\/","https:\/\/www.linkedin.com\/company\/the-blueroom-project-tbp-"]}]}},"_links":{"self":[{"href":"https:\/\/blueroom.es\/en\/wp-json\/wp\/v2\/pages\/31481"}],"collection":[{"href":"https:\/\/blueroom.es\/en\/wp-json\/wp\/v2\/pages"}],"about":[{"href":"https:\/\/blueroom.es\/en\/wp-json\/wp\/v2\/types\/page"}],"author":[{"embeddable":true,"href":"https:\/\/blueroom.es\/en\/wp-json\/wp\/v2\/users\/5"}],"replies":[{"embeddable":true,"href":"https:\/\/blueroom.es\/en\/wp-json\/wp\/v2\/comments?post=31481"}],"version-history":[{"count":7,"href":"https:\/\/blueroom.es\/en\/wp-json\/wp\/v2\/pages\/31481\/revisions"}],"predecessor-version":[{"id":39128,"href":"https:\/\/blueroom.es\/en\/wp-json\/wp\/v2\/pages\/31481\/revisions\/39128"}],"wp:attachment":[{"href":"https:\/\/blueroom.es\/en\/wp-json\/wp\/v2\/media?parent=31481"}],"curies":[{"name":"wp","href":"https:\/\/api.w.org\/{rel}","templated":true}]}}